{"id":1531,"date":"2018-08-11T10:33:25","date_gmt":"2018-08-11T10:33:25","guid":{"rendered":"https:\/\/hcmallorcaliving.com\/homepage\/"},"modified":"2025-02-17T09:13:10","modified_gmt":"2025-02-17T09:13:10","slug":"homepage","status":"publish","type":"page","link":"https:\/\/wp.mallorcaproperty.net\/de\/","title":{"rendered":"Ihr neues Leben auf Mallorca beginnt hier!"},"content":{"rendered":"<p>Finden Sie Ihr Traumhaus ohne Frustration, unn\u00f6tige Zeitverschwendung und emotionale Achterbahnfahrten mit unserer fachkundigen Beratung.<\/p>\n<ul>\n<li>1 vertrauensw\u00fcrdige Anlaufstelle<\/li>\n<li>Zugang zu 1.000 Immobilien<\/li>\n<li>Eine Vorauswahl von Immobilien f\u00fcr Sie<\/li>\n<li>Vollst\u00e4ndig koordinierte Besitichtungenstouren<\/li>\n<li>Keine Kosten f\u00fcr Sie<\/li>\n<\/ul>\n<p><a role=\"button\" href=\"\/de\/termin-vereinbaren\/\"><br \/>\nBuchen Sie jetzt ein Beratungsgespr\u00e4ch mit Helen!<\/a><\/p>\n","protected":false},"excerpt":{"rendered":"<p>Finden Sie Ihr Traumhaus ohne Frustration, unn\u00f6tige Zeitverschwendung und emotionale Achterbahnfahrten mit unserer fachkundigen Beratung. 1 vertrauensw\u00fcrdige Anlaufstelle Zugang zu 1.000 Immobilien Eine Vorauswahl von Immobilien f\u00fcr Sie Vollst\u00e4ndig koordinierte Besitichtungenstouren Keine Kosten f\u00fcr Sie Buchen Sie jetzt ein Beratungsgespr\u00e4ch mit Helen!<\/p>\n","protected":false},"author":1,"featured_media":2844,"parent":0,"menu_order":0,"comment_status":"closed","ping_status":"closed","template":"","meta":{"footnotes":""},"class_list":["post-1531","page","type-page","status-publish","has-post-thumbnail","hentry","entry"],"yoast_head":"<!-- This site is optimized with the Yoast SEO plugin v22.7 - https:\/\/yoast.com\/wordpress\/plugins\/seo\/ -->\n<title>hc\/ Mallorca Living Centre: Relocate to Mallorca<\/title>\n<meta name=\"description\" content=\"Finden Sie Ihr Traumhaus ohne Frustration, unn\u00f6tige Zeitverschwendung und emotionale Achterbahnfahrten mit unserer fachkundigen Beratung. 1\" \/>\n<meta name=\"robots\" content=\"noindex, follow, max-snippet:-1, max-image-preview:large, max-video-preview:-1\" \/>\n<meta property=\"og:locale\" content=\"de_DE\" \/>\n<meta property=\"og:type\" content=\"article\" \/>\n<meta property=\"og:title\" content=\"hc\/ Mallorca Living Centre: Relocate to Mallorca\" \/>\n<meta property=\"og:description\" content=\"Finden Sie Ihr Traumhaus ohne Frustration, unn\u00f6tige Zeitverschwendung und emotionale Achterbahnfahrten mit unserer fachkundigen Beratung. 1\" \/>\n<meta property=\"og:url\" content=\"https:\/\/wp.mallorcaproperty.net\/de\/\" \/>\n<meta property=\"og:site_name\" content=\"hc\/ Mallorca Property Network\" \/>\n<meta property=\"article:modified_time\" content=\"2025-02-17T09:13:10+00:00\" \/>\n<meta property=\"og:image\" content=\"https:\/\/wp.mallorcaproperty.net\/wp-content\/uploads\/2021\/07\/helen-cummins-cover.jpg\" \/>\n\t<meta property=\"og:image:width\" content=\"1600\" \/>\n\t<meta property=\"og:image:height\" content=\"1067\" \/>\n\t<meta property=\"og:image:type\" content=\"image\/jpeg\" \/>\n<meta name=\"twitter:card\" content=\"summary_large_image\" \/>\n<meta name=\"twitter:label1\" content=\"Gesch\u00e4tzte Lesezeit\" \/>\n\t<meta name=\"twitter:data1\" content=\"1\u00a0Minute\" \/>\n<script type=\"application\/ld+json\" class=\"yoast-schema-graph\">{\"@context\":\"https:\/\/schema.org\",\"@graph\":[{\"@type\":\"WebPage\",\"@id\":\"https:\/\/wp.mallorcaproperty.net\/de\/\",\"url\":\"https:\/\/wp.mallorcaproperty.net\/de\/\",\"name\":\"hc\/ Mallorca Living Centre: Relocate to Mallorca\",\"isPartOf\":{\"@id\":\"https:\/\/wp.mallorcaproperty.net\/de\/#website\"},\"primaryImageOfPage\":{\"@id\":\"https:\/\/wp.mallorcaproperty.net\/de\/#primaryimage\"},\"image\":{\"@id\":\"https:\/\/wp.mallorcaproperty.net\/de\/#primaryimage\"},\"thumbnailUrl\":\"https:\/\/wp.mallorcaproperty.net\/wp-content\/uploads\/2021\/07\/helen-cummins-cover.jpg\",\"datePublished\":\"2018-08-11T10:33:25+00:00\",\"dateModified\":\"2025-02-17T09:13:10+00:00\",\"description\":\"Finden Sie Ihr Traumhaus ohne Frustration, unn\u00f6tige Zeitverschwendung und emotionale Achterbahnfahrten mit unserer fachkundigen Beratung. 1\",\"breadcrumb\":{\"@id\":\"https:\/\/wp.mallorcaproperty.net\/de\/#breadcrumb\"},\"inLanguage\":\"de\",\"potentialAction\":[{\"@type\":\"ReadAction\",\"target\":[\"https:\/\/wp.mallorcaproperty.net\/de\/\"]}]},{\"@type\":\"ImageObject\",\"inLanguage\":\"de\",\"@id\":\"https:\/\/wp.mallorcaproperty.net\/de\/#primaryimage\",\"url\":\"https:\/\/wp.mallorcaproperty.net\/wp-content\/uploads\/2021\/07\/helen-cummins-cover.jpg\",\"contentUrl\":\"https:\/\/wp.mallorcaproperty.net\/wp-content\/uploads\/2021\/07\/helen-cummins-cover.jpg\",\"width\":1600,\"height\":1067},{\"@type\":\"BreadcrumbList\",\"@id\":\"https:\/\/wp.mallorcaproperty.net\/de\/#breadcrumb\",\"itemListElement\":[{\"@type\":\"ListItem\",\"position\":1,\"name\":\"Home\",\"item\":\"https:\/\/wp.mallorcaproperty.net\/de\/\"},{\"@type\":\"ListItem\",\"position\":2,\"name\":\"Ihr neues Leben auf Mallorca beginnt hier!\"}]},{\"@type\":\"WebSite\",\"@id\":\"https:\/\/wp.mallorcaproperty.net\/de\/#website\",\"url\":\"https:\/\/wp.mallorcaproperty.net\/de\/\",\"name\":\"hc\/ Mallorca Property Network\",\"description\":\"Ihr Immobilienportal f\u00fcr Mallorca von Helen Cummins\",\"publisher\":{\"@id\":\"https:\/\/wp.mallorcaproperty.net\/de\/#organization\"},\"potentialAction\":[{\"@type\":\"SearchAction\",\"target\":{\"@type\":\"EntryPoint\",\"urlTemplate\":\"https:\/\/wp.mallorcaproperty.net\/de\/?s={search_term_string}\"},\"query-input\":\"required name=search_term_string\"}],\"inLanguage\":\"de\"},{\"@type\":\"Organization\",\"@id\":\"https:\/\/wp.mallorcaproperty.net\/de\/#organization\",\"name\":\"hc\/ Mallorca Property Network\",\"url\":\"https:\/\/wp.mallorcaproperty.net\/de\/\",\"logo\":{\"@type\":\"ImageObject\",\"inLanguage\":\"de\",\"@id\":\"https:\/\/wp.mallorcaproperty.net\/de\/#\/schema\/logo\/image\/\",\"url\":\"https:\/\/wp.mallorcaproperty.net\/wp-content\/uploads\/2024\/11\/Logo-mpn-light-1.png\",\"contentUrl\":\"https:\/\/wp.mallorcaproperty.net\/wp-content\/uploads\/2024\/11\/Logo-mpn-light-1.png\",\"width\":756,\"height\":216,\"caption\":\"hc\/ Mallorca Property Network\"},\"image\":{\"@id\":\"https:\/\/wp.mallorcaproperty.net\/de\/#\/schema\/logo\/image\/\"}}]}<\/script>\n<!-- \/ Yoast SEO plugin. -->","yoast_head_json":{"title":"hc\/ Mallorca Living Centre: Relocate to Mallorca","description":"Finden Sie Ihr Traumhaus ohne Frustration, unn\u00f6tige Zeitverschwendung und emotionale Achterbahnfahrten mit unserer fachkundigen Beratung. 1","robots":{"index":"noindex","follow":"follow","max-snippet":"max-snippet:-1","max-image-preview":"max-image-preview:large","max-video-preview":"max-video-preview:-1"},"og_locale":"de_DE","og_type":"article","og_title":"hc\/ Mallorca Living Centre: Relocate to Mallorca","og_description":"Finden Sie Ihr Traumhaus ohne Frustration, unn\u00f6tige Zeitverschwendung und emotionale Achterbahnfahrten mit unserer fachkundigen Beratung. 1","og_url":"https:\/\/wp.mallorcaproperty.net\/de\/","og_site_name":"hc\/ Mallorca Property Network","article_modified_time":"2025-02-17T09:13:10+00:00","og_image":[{"width":1600,"height":1067,"url":"https:\/\/wp.mallorcaproperty.net\/wp-content\/uploads\/2021\/07\/helen-cummins-cover.jpg","type":"image\/jpeg"}],"twitter_card":"summary_large_image","twitter_misc":{"Gesch\u00e4tzte Lesezeit":"1\u00a0Minute"},"schema":{"@context":"https:\/\/schema.org","@graph":[{"@type":"WebPage","@id":"https:\/\/wp.mallorcaproperty.net\/de\/","url":"https:\/\/wp.mallorcaproperty.net\/de\/","name":"hc\/ Mallorca Living Centre: Relocate to Mallorca","isPartOf":{"@id":"https:\/\/wp.mallorcaproperty.net\/de\/#website"},"primaryImageOfPage":{"@id":"https:\/\/wp.mallorcaproperty.net\/de\/#primaryimage"},"image":{"@id":"https:\/\/wp.mallorcaproperty.net\/de\/#primaryimage"},"thumbnailUrl":"https:\/\/wp.mallorcaproperty.net\/wp-content\/uploads\/2021\/07\/helen-cummins-cover.jpg","datePublished":"2018-08-11T10:33:25+00:00","dateModified":"2025-02-17T09:13:10+00:00","description":"Finden Sie Ihr Traumhaus ohne Frustration, unn\u00f6tige Zeitverschwendung und emotionale Achterbahnfahrten mit unserer fachkundigen Beratung. 1","breadcrumb":{"@id":"https:\/\/wp.mallorcaproperty.net\/de\/#breadcrumb"},"inLanguage":"de","potentialAction":[{"@type":"ReadAction","target":["https:\/\/wp.mallorcaproperty.net\/de\/"]}]},{"@type":"ImageObject","inLanguage":"de","@id":"https:\/\/wp.mallorcaproperty.net\/de\/#primaryimage","url":"https:\/\/wp.mallorcaproperty.net\/wp-content\/uploads\/2021\/07\/helen-cummins-cover.jpg","contentUrl":"https:\/\/wp.mallorcaproperty.net\/wp-content\/uploads\/2021\/07\/helen-cummins-cover.jpg","width":1600,"height":1067},{"@type":"BreadcrumbList","@id":"https:\/\/wp.mallorcaproperty.net\/de\/#breadcrumb","itemListElement":[{"@type":"ListItem","position":1,"name":"Home","item":"https:\/\/wp.mallorcaproperty.net\/de\/"},{"@type":"ListItem","position":2,"name":"Ihr neues Leben auf Mallorca beginnt hier!"}]},{"@type":"WebSite","@id":"https:\/\/wp.mallorcaproperty.net\/de\/#website","url":"https:\/\/wp.mallorcaproperty.net\/de\/","name":"hc\/ Mallorca Property Network","description":"Ihr Immobilienportal f\u00fcr Mallorca von Helen Cummins","publisher":{"@id":"https:\/\/wp.mallorcaproperty.net\/de\/#organization"},"potentialAction":[{"@type":"SearchAction","target":{"@type":"EntryPoint","urlTemplate":"https:\/\/wp.mallorcaproperty.net\/de\/?s={search_term_string}"},"query-input":"required name=search_term_string"}],"inLanguage":"de"},{"@type":"Organization","@id":"https:\/\/wp.mallorcaproperty.net\/de\/#organization","name":"hc\/ Mallorca Property Network","url":"https:\/\/wp.mallorcaproperty.net\/de\/","logo":{"@type":"ImageObject","inLanguage":"de","@id":"https:\/\/wp.mallorcaproperty.net\/de\/#\/schema\/logo\/image\/","url":"https:\/\/wp.mallorcaproperty.net\/wp-content\/uploads\/2024\/11\/Logo-mpn-light-1.png","contentUrl":"https:\/\/wp.mallorcaproperty.net\/wp-content\/uploads\/2024\/11\/Logo-mpn-light-1.png","width":756,"height":216,"caption":"hc\/ Mallorca Property Network"},"image":{"@id":"https:\/\/wp.mallorcaproperty.net\/de\/#\/schema\/logo\/image\/"}}]}},"acf":{"wst_builder":[{"acf_fc_layout":"wst_header_slider","wst_header_slider_image":"https:\/\/wp.mallorcaproperty.net\/wp-content\/uploads\/2023\/07\/hc-property-portal.jpg","wst_header_slider_title":"Finden Sie Ihr Traumhaus auf Mallorca"},{"acf_fc_layout":"wst_latest_properties","wst_latest_properties_title":"Aktuelle Immobilien","wst_latest_properties_type":"0"},{"acf_fc_layout":"wst_html","wst_html_text":"<iframe width=\"100%\" height=\"730px\" src=\"https:\/\/www.youtube.com\/embed\/ds9ozTH84Cw?si=WOW8cXlceqCN7sAG\" title=\"YouTube video player\" frameborder=\"0\" allow=\"accelerometer; autoplay; clipboard-write; encrypted-media; gyroscope; picture-in-picture; web-share\" referrerpolicy=\"strict-origin-when-cross-origin\" allowfullscreen><\/iframe>"},{"acf_fc_layout":"wst_latest_properties","wst_latest_properties_title":"Aktuelle Villen zum Verkauf","wst_latest_properties_type":"2"},{"acf_fc_layout":"wst_latest_properties","wst_latest_properties_title":"Aktuelle Fincas zum Verkauf","wst_latest_properties_type":"4"},{"acf_fc_layout":"wst_latest_properties","wst_latest_properties_title":"Aktuelle Wohnungen zum Verkauf","wst_latest_properties_type":"3"},{"acf_fc_layout":"wst_property_alert","wst_property_alert_title":"Immobilien-Alarm!","wst_property_alert_description":"Lassen Sie sich regelm\u00e4\u00dfig informieren, wenn neue Immobilien auf den Markt kommen, die Ihren Suchkriterien entsprechen.","wst_property_alert_button":"Alarm erstellen"},{"acf_fc_layout":"wst_testimonials","wst_testimonials_title":"WAS UNSERE KUNDEN SAGEN...","wst_testimonials_repeater":[{"wst_testimonials_repeater_text":"hc\/ Mallorca Living hat es uns leicht gemacht, wo wir in anderen Teilen Spaniens keine so hilfreichen Ressourcen finden konnten. Wir entdeckten Helen Cummins online, \u00fcber Google. Als wir Helen und speziell Lucy fanden, konnte sie uns durch den gesamten Prozess begleiten und es war wirklich einzigartig, einen Service zu finden, der uns von Anfang bis Ende hilft.","writer":"Elysia Myers and CJ Powell","wst_testimonials_repeater_image":"https:\/\/wp.mallorcaproperty.net\/wp-content\/uploads\/2023\/07\/MyersPollensa-copy-450x450-1.jpg"},{"wst_testimonials_repeater_text":"Ich w\u00fcrde hc\/Mallorca Living von ganzem Herzen empfehlen und insbesondere Lucy, sie war fantastisch und hat uns bei allen Fragen rund um den Kauf unserer neuen Wohnung geholfen.","writer":"Chris Westlake","wst_testimonials_repeater_image":"https:\/\/wp.mallorcaproperty.net\/wp-content\/uploads\/2023\/07\/PropertyTestimonial1-hc-450x450-1.jpg"}]},{"acf_fc_layout":"wst_two_boxes","wst_two_boxes_group1":{"wst_two_boxes_title1":"Auf der Suche nach einer Wohnung?","wst_two_boxes_description1":"Wir k\u00f6nnen f\u00fcr Sie eine Vorauswahl an Immobilien treffen, die genau Ihren Kriterien entsprechen.","wst_two_boxes_button1":"Kontaktieren Sie uns","wst_two_boxes_link1":"https:\/\/www.wp.mallorcaproperty.net\/forms\/contactUs","wst_two_boxes_icon_1":"https:\/\/wp.mallorcaproperty.net\/wp-content\/uploads\/2023\/07\/mallorca-property-looking-home.png"},"wst_two_boxes_group2":{"wst_two_boxes_title2":"Sie m\u00f6chten Ihr Haus verkaufen?","wst_two_boxes_description2":"Verkaufen Sie Ihr Haus mit unserer fachkundigen Hilfe an K\u00e4ufer online und au\u00dferhalb des Marktes.","wst_two_boxes_button2":"Kontaktieren Sie uns","wst_two_boxes_link2":"https:\/\/www.wp.mallorcaproperty.net\/forms\/homeSellers","wst_two_boxes_icon_2":"https:\/\/wp.mallorcaproperty.net\/wp-content\/uploads\/2023\/07\/mallorca-property-rent-home.png"}},{"acf_fc_layout":"wst_related_magazines","wst_related_magazines_title":"VERWANDTE ZEITSCHRIFTEN","wst_related_magazines_group1":{"wst_related_magazines_cover_1":"https:\/\/wp.mallorcaproperty.net\/wp-content\/uploads\/2024\/11\/ISSUU-Cover-157th-Living_in_mallorca_2024_low_res-4.jpg","wst_related_magazines_title1":"Living in Mallorca 2024","wst_related_magazines_button1":"Jetzt lesen","wst_related_magazines_link1":"https:\/\/issuu.com\/abc-mallorca.com\/docs\/157th_living_in_mallorca_2024"},"wst_related_magazines_group2":{"wst_related_magazines_cover_2":"https:\/\/wp.mallorcaproperty.net\/wp-content\/uploads\/2024\/11\/abcMallorca-Property-Special-2024-cover-2.jpg","wst_related_magazines_title2":"abcMallorca Property Special 2024","wst_related_magazines_button2":"Jetzt lesen","wst_related_magazines_link2":"https:\/\/issuu.com\/abc-mallorca.com\/docs\/159th_property_special_2024"}},{"acf_fc_layout":"wst_our_network","wst_our_network_background_image":"https:\/\/wp.mallorcaproperty.net\/wp-content\/uploads\/2023\/07\/mallorca-property-real-estate-agents.jpg","wst_our_network_title":"Treten Sie unserem Immobiliennetzwerk bei","wst_our_network_button":"Jetzt anmelden!","wst_our_network_link":"https:\/\/www.wp.mallorcaproperty.net\/forms\/realEstateSignUp"},{"acf_fc_layout":"wst_banner","wst_banner_image":"https:\/\/wp.mallorcaproperty.net\/wp-content\/uploads\/2023\/07\/hc_Mallorca_Living_Centre_banner_1940x500_2022-DE.jpg","wst_banner_link":"https:\/\/www.hcmallorcaliving.com\/de\/"}]},"_links":{"self":[{"href":"https:\/\/wp.mallorcaproperty.net\/de\/wp-json\/wp\/v2\/pages\/1531"}],"collection":[{"href":"https:\/\/wp.mallorcaproperty.net\/de\/wp-json\/wp\/v2\/pages"}],"about":[{"href":"https:\/\/wp.mallorcaproperty.net\/de\/wp-json\/wp\/v2\/types\/page"}],"author":[{"embeddable":true,"href":"https:\/\/wp.mallorcaproperty.net\/de\/wp-json\/wp\/v2\/users\/1"}],"replies":[{"embeddable":true,"href":"https:\/\/wp.mallorcaproperty.net\/de\/wp-json\/wp\/v2\/comments?post=1531"}],"version-history":[{"count":5,"href":"https:\/\/wp.mallorcaproperty.net\/de\/wp-json\/wp\/v2\/pages\/1531\/revisions"}],"predecessor-version":[{"id":4379,"href":"https:\/\/wp.mallorcaproperty.net\/de\/wp-json\/wp\/v2\/pages\/1531\/revisions\/4379"}],"wp:featuredmedia":[{"embeddable":true,"href":"https:\/\/wp.mallorcaproperty.net\/de\/wp-json\/wp\/v2\/media\/2844"}],"wp:attachment":[{"href":"https:\/\/wp.mallorcaproperty.net\/de\/wp-json\/wp\/v2\/media?parent=1531"}],"curies":[{"name":"wp","href":"https:\/\/api.w.org\/{rel}","templated":true}]}}