{"id":1575,"date":"2020-02-04T13:55:23","date_gmt":"2020-02-04T13:55:23","guid":{"rendered":"https:\/\/hcmallorcaliving.com\/?page_id=1575"},"modified":"2024-12-11T10:04:56","modified_gmt":"2024-12-11T10:04:56","slug":"datenschutz-bestimmungen","status":"publish","type":"page","link":"https:\/\/wp.mallorcaproperty.net\/de\/datenschutz-bestimmungen\/","title":{"rendered":"Datenschutz-Bestimmungen"},"content":{"rendered":"\n<p>Letzte \u00c4nderung: <strong>September 2024<\/strong><\/p>\n\n\n\n<p>Diese Datenschutzerkl\u00e4rung bezieht sich auf die Internetseite wp.mallorcaproperty.net\/de\/.<\/p>\n\n\n\n<p>Bitte lesen Sie diese aufmerksam durch. Hier finden Sie wichtige Informationen bez\u00fcglich der Verwendung Ihrer pers\u00f6nlichen Daten und der Rechte, die Ihnen von den derzeitigen gesetzlichen Bestimmungen zugesprochen werden.<\/p>\n\n\n\n<p>Wir behalten uns das Recht vor, unsere Datenschutzerkl\u00e4rung jederzeit zu aktualisieren, sei dies aus unternehmerischen Gr\u00fcnden oder um gesetzlichen oder rechtlichen \u00c4nderungen nachzukommen. Wenn Sie bez\u00fcglich unserer Datenschutzerkl\u00e4rung oder Ihrer Rechte Zweifel oder Fragen haben, k\u00f6nnen Sie sich \u00fcber die unten angegebenen Kan\u00e4le mit uns in Verbindung setzen.<\/p>\n\n\n\n<p>Die Daten, die Sie uns jetzt oder zu einem sp\u00e4teren Zeitpunkt mitteilen, m\u00fcssen richtig und wahrheitsgem\u00e4\u00df sein. Dar\u00fcber hinaus sind Sie dazu verpflichtet, uns jede \u00c4nderung dieser Daten mitzuteilen. Im Falle der Vermittlung pers\u00f6nlicher Daten Dritter m\u00fcssen Sie im Voraus das Einverst\u00e4ndnis der Betroffenen einholen und diese \u00fcber den Inhalt dieser Datenschutzerkl\u00e4rung informieren.<\/p>\n\n\n\n<p>Im Allgemeinen m\u00fcssen die Pflichtfelder unserer Formulare immer ausgef\u00fcllt werden, um die Anfrage abschicken zu k\u00f6nnen.<\/p>\n\n\n\n<ol class=\"wp-block-list\">\n<li><strong>Wer ist f\u00fcr die Verwendung Ihrer Daten verantwortlich? <\/strong>Verantwortlich f\u00fcr die Verwendung der auf dieser Internetseite erhobenen Daten ist:<br>Verantwortungstr\u00e4ger: abcMallorca Digital Media S.L.U. (hc\/ Mallorca Living Centre)<br>Postanschrift: c\/ Sant Jaume 17, 07012 Palma (Illes Balears)<br>Tel.: +34 971 708 888<\/li>\n\n\n\n<li><strong>F\u00fcr welche Zwecke werden Ihre Daten verwendet? <\/strong>Verwendet werden die Daten unserer Nutzer f\u00fcr die Kommunikation mit ihnen, die Bearbeitung und Beantwortung ihrer Anfragen, die Verwaltung und das Sicherheitsmanagement der Internetseite und zur Einhaltung rechtlicher Bestimmungen. Die erhobenen Daten k\u00f6nnen auch zu statistischen Zwecken und zur Verbesserung unserer Services verwendet werden. Genauso werden ihre Daten auch zu werblichen Zwecken genutzt.<\/li>\n\n\n\n<li><strong>Wie lange werden Ihre Daten gespeichert?<\/strong> Im Allgemeinen werden Ihre Daten so lange gespeichert, wie Sie mit uns in Beziehung stehen, aber in jedem Fall so lange wie das anwendbare Recht dies vorschreibt und wir f\u00fcr die Bearbeitung m\u00f6glicher Verantwortlichkeiten, die dieser Beziehung entspringen, ben\u00f6tigen. Wir l\u00f6schen Ihre Daten, sobald diese nicht mehr relevant sind oder den Zwecken dienen, f\u00fcr die sie erhoben wurden. Die Zugriffsprotokolldateien f\u00fcr Bereiche der Internetseite mit beschr\u00e4nktem Zugang werden einen Monat nach deren Erhebung gel\u00f6scht. Ihre Navigationsinformationen werden mit dem Verlassen unserer Internetseite und nach Auswertung der Statistiken gel\u00f6scht. Die Daten, die zu werblichen Zwecken verwendet werden, bleiben, insofern Sie nicht deren Beseitigung beantragen, erhalten.<\/li>\n\n\n\n<li><strong>An wen k\u00f6nnen wir Ihre Daten \u00fcbermitteln? <\/strong>Ihre Daten werden nur an Dritte aufgrund rechtlicher Verpflichtungen oder mit Ihrer Einwilligung weitergegeben oder wenn die korrekte Bearbeitung Ihrer Anfrage dies impliziert.<\/li>\n\n\n\n<li><strong>Rechtsgrundlage der Datenverwendung. <\/strong>Die Rechtsgrundlage f\u00fcr die Verwendung pers\u00f6nlicher Daten sind die Verwaltung der rechtsgesch\u00e4ftlichen Beziehung mit unseren Nutzern, die Einhaltung unserer rechtlichen Verpflichtungen sowie unser eigenes rechtm\u00e4\u00dfiges Interesse an der Verwaltung der Sicherheit und der Qualit\u00e4t unserer Internetseite und an der Bewerbung unserer Services.<\/li>\n\n\n\n<li><strong>Wie sehen Ihre Rechte aus? <\/strong>Sie haben das Recht zu erfahren, ob wir Ihre pers\u00f6nlichen Daten verwenden und, wenn dies der Fall ist, auf diese zuzugreifen. Sie k\u00f6nnen auch die Berichtigung oder Erg\u00e4nzung Ihrer Daten beantragen, wenn diese falsch bzw. unvollst\u00e4ndig sind. Genauso k\u00f6nnen Sie die L\u00f6schung Ihrer Daten beantragen, wenn diese f\u00fcr die Zwecke, f\u00fcr die sie erhoben wurden, unter anderem nicht mehr notwendig sind.<\/li>\n<\/ol>\n\n\n\n<p>Unter bestimmten Umst\u00e4nden k\u00f6nnen Sie die Begrenzung der Datenverwendung beantragen. &nbsp;In diesem Fall werden nur jene Daten verwendet, die f\u00fcr die Formulierung, die Aus\u00fcbung oder die Verteidigung von Beschwerden oder im Hinblick auf den Schutz der Rechte Dritter notwendig sind. Unter bestimmten Bedingungen und aus pers\u00f6nlichen Gr\u00fcnden k\u00f6nnen Sie sich auch gegen die Verwendung Ihrer Daten wehren. In diesem Fall werden wir Ihre Daten nicht weiterverwenden, au\u00dfer es liegen dringende rechtm\u00e4\u00dfige Gr\u00fcnde vor, die Ihre Interessen, Rechte und Freiheiten au\u00dfer Kraft setzen, oder zur Formulierung, Aus\u00fcbung oder Verteidigung von Beschwerden. Auf diese Weise und unter bestimmten Bedingungen k\u00f6nnen Sie auch die \u00dcbertragung Ihrer Daten beantragen, so dass diese an einen anderen Datenverantwortlichen \u00fcbermittelt werden k\u00f6nnen.<\/p>\n\n\n\n<p>Sie k\u00f6nnen Ihre Zustimmung zu bestimmten Zwecken zur\u00fcckziehen, ohne dass dies Ihre Einwilligung zur Datenverwendung, die Sie uns vor Ihrer Entziehung erteilt haben, beeintr\u00e4chtigt, und Ihre Beschwerde vor der spanischen Datenschutzbeh\u00f6rde (Agencia Espa\u00f1ola de Protecci\u00f3n de Datos) pr\u00e4sentieren.<\/p>\n\n\n\n<p>Wenn Sie nicht m\u00f6chten, dass Ihre Daten zu werblichen Zwecken weiterhin verwendet werden, k\u00f6nnen Sie uns eine Email <a href=\"https:\/\/wp.mallorcaproperty.net\/de\/kontakt\/\">senden<\/a>.<\/p>\n\n\n\n<p>Zur Aus\u00fcbung Ihrer Rechte m\u00fcssen Sie uns eine Anfrage zusammen mit einer Kopie Ihres Personalausweises oder eines anderen g\u00fcltigen offiziellen Dokuments per Post oder elektronisch an die unter \u201cWer ist f\u00fcr die Verwendung Ihrer Daten verantwortlich?\u201d angegebenen Adressen zukommen lassen.<\/p>\n\n\n\n<p>Weitere Informationen zu Ihren Rechten und wie Sie diese aus\u00fcben k\u00f6nnen, finden Sie auf der Internetseite der spanischen Datenschutzbeh\u00f6rde (Agencia Espa\u00f1ola de Protecci\u00f3n de Datos) <a href=\"http:\/\/www.agpd.es\">http:\/\/www.agpd.es<\/a>.<\/p>\n\n\n\n<p><strong>Bitte beachten Sie:<\/strong> Dieses Dokument ist eine \u00dcbersetzung aus dem Spanischen und hat rein informativen Charakter. Im Falle einer Diskrepanz zwischen Original und dieser \u00dcbersetzung ist das Original ma\u00dfgebend und heranzuziehen.<\/p>\n","protected":false},"excerpt":{"rendered":"<p>Letzte \u00c4nderung: September 2024 Diese Datenschutzerkl\u00e4rung bezieht sich auf die Internetseite wp.mallorcaproperty.net\/de\/. Bitte lesen Sie diese aufmerksam durch. Hier finden Sie wichtige Informationen bez\u00fcglich der Verwendung Ihrer pers\u00f6nlichen Daten und der Rechte, die Ihnen von den derzeitigen gesetzlichen Bestimmungen zugesprochen werden. Wir behalten uns das Recht vor, unsere Datenschutzerkl\u00e4rung jederzeit zu aktualisieren, sei dies aus&hellip; <a class=\"more-link\" href=\"https:\/\/wp.mallorcaproperty.net\/de\/datenschutz-bestimmungen\/\"><span class=\"screen-reader-text\">Datenschutz-Bestimmungen<\/span> weiterlesen<\/a><\/p>\n","protected":false},"author":1,"featured_media":0,"parent":0,"menu_order":0,"comment_status":"closed","ping_status":"closed","template":"","meta":{"footnotes":""},"class_list":["post-1575","page","type-page","status-publish","hentry","entry"],"yoast_head":"<!-- This site is optimized with the Yoast SEO plugin v22.7 - https:\/\/yoast.com\/wordpress\/plugins\/seo\/ -->\n<title>Datenschutz-Bestimmungen - hc\/ Mallorca Property Network<\/title>\n<meta name=\"description\" content=\"Letzte \u00c4nderung: September 2024 Diese Datenschutzerkl\u00e4rung bezieht sich auf die Internetseite wp.mallorcaproperty.net\/de\/. Bitte lesen Sie diese\" \/>\n<meta name=\"robots\" content=\"noindex, follow\" \/>\n<meta property=\"og:locale\" content=\"de_DE\" \/>\n<meta property=\"og:type\" content=\"article\" \/>\n<meta property=\"og:title\" content=\"Datenschutz-Bestimmungen - hc\/ Mallorca Property Network\" \/>\n<meta property=\"og:description\" content=\"Letzte \u00c4nderung: September 2024 Diese Datenschutzerkl\u00e4rung bezieht sich auf die Internetseite wp.mallorcaproperty.net\/de\/. Bitte lesen Sie diese\" \/>\n<meta property=\"og:url\" content=\"https:\/\/wp.mallorcaproperty.net\/de\/datenschutz-bestimmungen\/\" \/>\n<meta property=\"og:site_name\" content=\"hc\/ Mallorca Property Network\" \/>\n<meta property=\"article:modified_time\" content=\"2024-12-11T10:04:56+00:00\" \/>\n<meta property=\"og:image\" content=\"https:\/\/wp.mallorcaproperty.net\/wp-content\/uploads\/2021\/01\/helen-business-hub.jpg\" \/>\n\t<meta property=\"og:image:width\" content=\"1200\" \/>\n\t<meta property=\"og:image:height\" content=\"800\" \/>\n\t<meta property=\"og:image:type\" content=\"image\/jpeg\" \/>\n<meta name=\"twitter:card\" content=\"summary_large_image\" \/>\n<meta name=\"twitter:label1\" content=\"Gesch\u00e4tzte Lesezeit\" \/>\n\t<meta name=\"twitter:data1\" content=\"4\u00a0Minuten\" \/>\n<script type=\"application\/ld+json\" class=\"yoast-schema-graph\">{\"@context\":\"https:\/\/schema.org\",\"@graph\":[{\"@type\":\"WebPage\",\"@id\":\"https:\/\/wp.mallorcaproperty.net\/de\/datenschutz-bestimmungen\/\",\"url\":\"https:\/\/wp.mallorcaproperty.net\/de\/datenschutz-bestimmungen\/\",\"name\":\"Datenschutz-Bestimmungen - hc\/ Mallorca Property Network\",\"isPartOf\":{\"@id\":\"https:\/\/wp.mallorcaproperty.net\/de\/#website\"},\"datePublished\":\"2020-02-04T13:55:23+00:00\",\"dateModified\":\"2024-12-11T10:04:56+00:00\",\"description\":\"Letzte \u00c4nderung: September 2024 Diese Datenschutzerkl\u00e4rung bezieht sich auf die Internetseite wp.mallorcaproperty.net\/de\/. Bitte lesen Sie diese\",\"breadcrumb\":{\"@id\":\"https:\/\/wp.mallorcaproperty.net\/de\/datenschutz-bestimmungen\/#breadcrumb\"},\"inLanguage\":\"de\",\"potentialAction\":[{\"@type\":\"ReadAction\",\"target\":[\"https:\/\/wp.mallorcaproperty.net\/de\/datenschutz-bestimmungen\/\"]}]},{\"@type\":\"BreadcrumbList\",\"@id\":\"https:\/\/wp.mallorcaproperty.net\/de\/datenschutz-bestimmungen\/#breadcrumb\",\"itemListElement\":[{\"@type\":\"ListItem\",\"position\":1,\"name\":\"Home\",\"item\":\"https:\/\/wp.mallorcaproperty.net\/de\/\"},{\"@type\":\"ListItem\",\"position\":2,\"name\":\"Datenschutz-Bestimmungen\"}]},{\"@type\":\"WebSite\",\"@id\":\"https:\/\/wp.mallorcaproperty.net\/de\/#website\",\"url\":\"https:\/\/wp.mallorcaproperty.net\/de\/\",\"name\":\"hc\/ Mallorca Property Network\",\"description\":\"Ihr Immobilienportal f\u00fcr Mallorca von Helen Cummins\",\"publisher\":{\"@id\":\"https:\/\/wp.mallorcaproperty.net\/de\/#organization\"},\"potentialAction\":[{\"@type\":\"SearchAction\",\"target\":{\"@type\":\"EntryPoint\",\"urlTemplate\":\"https:\/\/wp.mallorcaproperty.net\/de\/?s={search_term_string}\"},\"query-input\":\"required name=search_term_string\"}],\"inLanguage\":\"de\"},{\"@type\":\"Organization\",\"@id\":\"https:\/\/wp.mallorcaproperty.net\/de\/#organization\",\"name\":\"hc\/ Mallorca Property Network\",\"url\":\"https:\/\/wp.mallorcaproperty.net\/de\/\",\"logo\":{\"@type\":\"ImageObject\",\"inLanguage\":\"de\",\"@id\":\"https:\/\/wp.mallorcaproperty.net\/de\/#\/schema\/logo\/image\/\",\"url\":\"https:\/\/wp.mallorcaproperty.net\/wp-content\/uploads\/2024\/11\/Logo-mpn-light-1.png\",\"contentUrl\":\"https:\/\/wp.mallorcaproperty.net\/wp-content\/uploads\/2024\/11\/Logo-mpn-light-1.png\",\"width\":756,\"height\":216,\"caption\":\"hc\/ Mallorca Property Network\"},\"image\":{\"@id\":\"https:\/\/wp.mallorcaproperty.net\/de\/#\/schema\/logo\/image\/\"}}]}<\/script>\n<!-- \/ Yoast SEO plugin. -->","yoast_head_json":{"title":"Datenschutz-Bestimmungen - hc\/ Mallorca Property Network","description":"Letzte \u00c4nderung: September 2024 Diese Datenschutzerkl\u00e4rung bezieht sich auf die Internetseite wp.mallorcaproperty.net\/de\/. Bitte lesen Sie diese","robots":{"index":"noindex","follow":"follow"},"og_locale":"de_DE","og_type":"article","og_title":"Datenschutz-Bestimmungen - hc\/ Mallorca Property Network","og_description":"Letzte \u00c4nderung: September 2024 Diese Datenschutzerkl\u00e4rung bezieht sich auf die Internetseite wp.mallorcaproperty.net\/de\/. Bitte lesen Sie diese","og_url":"https:\/\/wp.mallorcaproperty.net\/de\/datenschutz-bestimmungen\/","og_site_name":"hc\/ Mallorca Property Network","article_modified_time":"2024-12-11T10:04:56+00:00","og_image":[{"width":1200,"height":800,"url":"https:\/\/wp.mallorcaproperty.net\/wp-content\/uploads\/2021\/01\/helen-business-hub.jpg","type":"image\/jpeg"}],"twitter_card":"summary_large_image","twitter_misc":{"Gesch\u00e4tzte Lesezeit":"4\u00a0Minuten"},"schema":{"@context":"https:\/\/schema.org","@graph":[{"@type":"WebPage","@id":"https:\/\/wp.mallorcaproperty.net\/de\/datenschutz-bestimmungen\/","url":"https:\/\/wp.mallorcaproperty.net\/de\/datenschutz-bestimmungen\/","name":"Datenschutz-Bestimmungen - hc\/ Mallorca Property Network","isPartOf":{"@id":"https:\/\/wp.mallorcaproperty.net\/de\/#website"},"datePublished":"2020-02-04T13:55:23+00:00","dateModified":"2024-12-11T10:04:56+00:00","description":"Letzte \u00c4nderung: September 2024 Diese Datenschutzerkl\u00e4rung bezieht sich auf die Internetseite wp.mallorcaproperty.net\/de\/. Bitte lesen Sie diese","breadcrumb":{"@id":"https:\/\/wp.mallorcaproperty.net\/de\/datenschutz-bestimmungen\/#breadcrumb"},"inLanguage":"de","potentialAction":[{"@type":"ReadAction","target":["https:\/\/wp.mallorcaproperty.net\/de\/datenschutz-bestimmungen\/"]}]},{"@type":"BreadcrumbList","@id":"https:\/\/wp.mallorcaproperty.net\/de\/datenschutz-bestimmungen\/#breadcrumb","itemListElement":[{"@type":"ListItem","position":1,"name":"Home","item":"https:\/\/wp.mallorcaproperty.net\/de\/"},{"@type":"ListItem","position":2,"name":"Datenschutz-Bestimmungen"}]},{"@type":"WebSite","@id":"https:\/\/wp.mallorcaproperty.net\/de\/#website","url":"https:\/\/wp.mallorcaproperty.net\/de\/","name":"hc\/ Mallorca Property Network","description":"Ihr Immobilienportal f\u00fcr Mallorca von Helen Cummins","publisher":{"@id":"https:\/\/wp.mallorcaproperty.net\/de\/#organization"},"potentialAction":[{"@type":"SearchAction","target":{"@type":"EntryPoint","urlTemplate":"https:\/\/wp.mallorcaproperty.net\/de\/?s={search_term_string}"},"query-input":"required name=search_term_string"}],"inLanguage":"de"},{"@type":"Organization","@id":"https:\/\/wp.mallorcaproperty.net\/de\/#organization","name":"hc\/ Mallorca Property Network","url":"https:\/\/wp.mallorcaproperty.net\/de\/","logo":{"@type":"ImageObject","inLanguage":"de","@id":"https:\/\/wp.mallorcaproperty.net\/de\/#\/schema\/logo\/image\/","url":"https:\/\/wp.mallorcaproperty.net\/wp-content\/uploads\/2024\/11\/Logo-mpn-light-1.png","contentUrl":"https:\/\/wp.mallorcaproperty.net\/wp-content\/uploads\/2024\/11\/Logo-mpn-light-1.png","width":756,"height":216,"caption":"hc\/ Mallorca Property Network"},"image":{"@id":"https:\/\/wp.mallorcaproperty.net\/de\/#\/schema\/logo\/image\/"}}]}},"acf":[],"_links":{"self":[{"href":"https:\/\/wp.mallorcaproperty.net\/de\/wp-json\/wp\/v2\/pages\/1575"}],"collection":[{"href":"https:\/\/wp.mallorcaproperty.net\/de\/wp-json\/wp\/v2\/pages"}],"about":[{"href":"https:\/\/wp.mallorcaproperty.net\/de\/wp-json\/wp\/v2\/types\/page"}],"author":[{"embeddable":true,"href":"https:\/\/wp.mallorcaproperty.net\/de\/wp-json\/wp\/v2\/users\/1"}],"replies":[{"embeddable":true,"href":"https:\/\/wp.mallorcaproperty.net\/de\/wp-json\/wp\/v2\/comments?post=1575"}],"version-history":[{"count":4,"href":"https:\/\/wp.mallorcaproperty.net\/de\/wp-json\/wp\/v2\/pages\/1575\/revisions"}],"predecessor-version":[{"id":3927,"href":"https:\/\/wp.mallorcaproperty.net\/de\/wp-json\/wp\/v2\/pages\/1575\/revisions\/3927"}],"wp:attachment":[{"href":"https:\/\/wp.mallorcaproperty.net\/de\/wp-json\/wp\/v2\/media?parent=1575"}],"curies":[{"name":"wp","href":"https:\/\/api.w.org\/{rel}","templated":true}]}}