{"id":1529,"date":"2018-08-11T10:33:25","date_gmt":"2018-08-11T10:33:25","guid":{"rendered":"https:\/\/hcmallorcaliving.com\/homepage\/"},"modified":"2025-02-17T09:13:22","modified_gmt":"2025-02-17T09:13:22","slug":"homepage","status":"publish","type":"page","link":"https:\/\/wp.mallorcaproperty.net\/es\/","title":{"rendered":"\u00a1Tu nueva vida en Mallorca comienza aqu\u00ed!"},"content":{"rendered":"<p>Encuentr la casa de Tus sue\u00f1os sin la frustraci\u00f3n, la p\u00e9rdida de tiempo y la monta\u00f1a rusa emocional con nuestra ayuda experta.<\/p>\n<ul>\n<li>Un punto de contacto de confianza<\/li>\n<li>Acceso a 1.000 propiedades<\/li>\n<li>Preselecci\u00f3n de propiedades<\/li>\n<li>Viajes de visita totalmente coordinados<\/li>\n<li>Sin coste alguno para ti<\/li>\n<\/ul>\n<p><a role=\"button\" href=\"\/es\/pide-cita\/\"><br \/>\n\u00a1Reserva una consulta con Helen ahora!<\/a><br \/>\n<input name=\"gform_field_values\" type=\"hidden\" value=\"\" \/><\/p>\n<form id=\"gform_18\" action=\"\/wp-admin\/admin-ajax.php\" enctype=\"multipart\/form-data\" method=\"post\">\n<p style=\"display: none !important;\"><label>\u0394<textarea cols=\"45\" maxlength=\"100\" name=\"ak_hp_textarea\" rows=\"8\"><\/textarea><\/label><input id=\"ak_js\" name=\"ak_js\" type=\"hidden\" value=\"6\" \/><\/p>\n<\/form>\n","protected":false},"excerpt":{"rendered":"<p>Encuentr la casa de Tus sue\u00f1os sin la frustraci\u00f3n, la p\u00e9rdida de tiempo y la monta\u00f1a rusa emocional con nuestra ayuda experta. Un punto de contacto de confianza Acceso a 1.000 propiedades Preselecci\u00f3n de propiedades Viajes de visita totalmente coordinados Sin coste alguno para ti \u00a1Reserva una consulta con Helen ahora! \u0394<\/p>\n","protected":false},"author":1,"featured_media":2845,"parent":0,"menu_order":0,"comment_status":"closed","ping_status":"closed","template":"","meta":{"footnotes":""},"class_list":["post-1529","page","type-page","status-publish","has-post-thumbnail","hentry","entry"],"yoast_head":"<!-- This site is optimized with the Yoast SEO plugin v22.7 - https:\/\/yoast.com\/wordpress\/plugins\/seo\/ -->\n<title>hc\/ Mallorca Living Centre: Relocate to Mallorca<\/title>\n<meta name=\"description\" content=\"Encuentr la casa de Tus sue\u00f1os sin la frustraci\u00f3n, la p\u00e9rdida de tiempo y la monta\u00f1a rusa emocional con nuestra ayuda experta. Un punto de contacto de\" \/>\n<meta name=\"robots\" content=\"noindex, follow, max-snippet:-1, max-image-preview:large, max-video-preview:-1\" \/>\n<meta property=\"og:locale\" content=\"es_ES\" \/>\n<meta property=\"og:type\" content=\"article\" \/>\n<meta property=\"og:title\" content=\"hc\/ Mallorca Living Centre: Relocate to Mallorca\" \/>\n<meta property=\"og:description\" content=\"Encuentr la casa de Tus sue\u00f1os sin la frustraci\u00f3n, la p\u00e9rdida de tiempo y la monta\u00f1a rusa emocional con nuestra ayuda experta. Un punto de contacto de\" \/>\n<meta property=\"og:url\" content=\"https:\/\/wp.mallorcaproperty.net\/es\/\" \/>\n<meta property=\"og:site_name\" content=\"hc\/ Mallorca Property Network\" \/>\n<meta property=\"article:modified_time\" content=\"2025-02-17T09:13:22+00:00\" \/>\n<meta property=\"og:image\" content=\"https:\/\/wp.mallorcaproperty.net\/wp-content\/uploads\/2021\/07\/helen-cummins-cover.jpg\" \/>\n\t<meta property=\"og:image:width\" content=\"1600\" \/>\n\t<meta property=\"og:image:height\" content=\"1067\" \/>\n\t<meta property=\"og:image:type\" content=\"image\/jpeg\" \/>\n<meta name=\"twitter:card\" content=\"summary_large_image\" \/>\n<meta name=\"twitter:label1\" content=\"Tiempo de lectura\" \/>\n\t<meta name=\"twitter:data1\" content=\"1 minuto\" \/>\n<script type=\"application\/ld+json\" class=\"yoast-schema-graph\">{\"@context\":\"https:\/\/schema.org\",\"@graph\":[{\"@type\":\"WebPage\",\"@id\":\"https:\/\/wp.mallorcaproperty.net\/es\/\",\"url\":\"https:\/\/wp.mallorcaproperty.net\/es\/\",\"name\":\"hc\/ Mallorca Living Centre: Relocate to Mallorca\",\"isPartOf\":{\"@id\":\"https:\/\/wp.mallorcaproperty.net\/es\/#website\"},\"primaryImageOfPage\":{\"@id\":\"https:\/\/wp.mallorcaproperty.net\/es\/#primaryimage\"},\"image\":{\"@id\":\"https:\/\/wp.mallorcaproperty.net\/es\/#primaryimage\"},\"thumbnailUrl\":\"https:\/\/wp.mallorcaproperty.net\/wp-content\/uploads\/2021\/07\/helen-cummins-cover.jpg\",\"datePublished\":\"2018-08-11T10:33:25+00:00\",\"dateModified\":\"2025-02-17T09:13:22+00:00\",\"description\":\"Encuentr la casa de Tus sue\u00f1os sin la frustraci\u00f3n, la p\u00e9rdida de tiempo y la monta\u00f1a rusa emocional con nuestra ayuda experta. Un punto de contacto de\",\"breadcrumb\":{\"@id\":\"https:\/\/wp.mallorcaproperty.net\/es\/#breadcrumb\"},\"inLanguage\":\"es\",\"potentialAction\":[{\"@type\":\"ReadAction\",\"target\":[\"https:\/\/wp.mallorcaproperty.net\/es\/\"]}]},{\"@type\":\"ImageObject\",\"inLanguage\":\"es\",\"@id\":\"https:\/\/wp.mallorcaproperty.net\/es\/#primaryimage\",\"url\":\"https:\/\/wp.mallorcaproperty.net\/wp-content\/uploads\/2021\/07\/helen-cummins-cover.jpg\",\"contentUrl\":\"https:\/\/wp.mallorcaproperty.net\/wp-content\/uploads\/2021\/07\/helen-cummins-cover.jpg\",\"width\":1600,\"height\":1067},{\"@type\":\"BreadcrumbList\",\"@id\":\"https:\/\/wp.mallorcaproperty.net\/es\/#breadcrumb\",\"itemListElement\":[{\"@type\":\"ListItem\",\"position\":1,\"name\":\"Home\",\"item\":\"https:\/\/wp.mallorcaproperty.net\/es\/\"},{\"@type\":\"ListItem\",\"position\":2,\"name\":\"\u00a1Tu nueva vida en Mallorca comienza aqu\u00ed!\"}]},{\"@type\":\"WebSite\",\"@id\":\"https:\/\/wp.mallorcaproperty.net\/es\/#website\",\"url\":\"https:\/\/wp.mallorcaproperty.net\/es\/\",\"name\":\"hc\/ Mallorca Property Network\",\"description\":\"Su portal inmobiliario para Mallorca por Helen Cummins\",\"publisher\":{\"@id\":\"https:\/\/wp.mallorcaproperty.net\/es\/#organization\"},\"potentialAction\":[{\"@type\":\"SearchAction\",\"target\":{\"@type\":\"EntryPoint\",\"urlTemplate\":\"https:\/\/wp.mallorcaproperty.net\/es\/?s={search_term_string}\"},\"query-input\":\"required name=search_term_string\"}],\"inLanguage\":\"es\"},{\"@type\":\"Organization\",\"@id\":\"https:\/\/wp.mallorcaproperty.net\/es\/#organization\",\"name\":\"hc\/ Mallorca Property Network\",\"url\":\"https:\/\/wp.mallorcaproperty.net\/es\/\",\"logo\":{\"@type\":\"ImageObject\",\"inLanguage\":\"es\",\"@id\":\"https:\/\/wp.mallorcaproperty.net\/es\/#\/schema\/logo\/image\/\",\"url\":\"https:\/\/wp.mallorcaproperty.net\/wp-content\/uploads\/2024\/11\/Logo-mpn-light-1.png\",\"contentUrl\":\"https:\/\/wp.mallorcaproperty.net\/wp-content\/uploads\/2024\/11\/Logo-mpn-light-1.png\",\"width\":756,\"height\":216,\"caption\":\"hc\/ Mallorca Property Network\"},\"image\":{\"@id\":\"https:\/\/wp.mallorcaproperty.net\/es\/#\/schema\/logo\/image\/\"}}]}<\/script>\n<!-- \/ Yoast SEO plugin. -->","yoast_head_json":{"title":"hc\/ Mallorca Living Centre: Relocate to Mallorca","description":"Encuentr la casa de Tus sue\u00f1os sin la frustraci\u00f3n, la p\u00e9rdida de tiempo y la monta\u00f1a rusa emocional con nuestra ayuda experta. Un punto de contacto de","robots":{"index":"noindex","follow":"follow","max-snippet":"max-snippet:-1","max-image-preview":"max-image-preview:large","max-video-preview":"max-video-preview:-1"},"og_locale":"es_ES","og_type":"article","og_title":"hc\/ Mallorca Living Centre: Relocate to Mallorca","og_description":"Encuentr la casa de Tus sue\u00f1os sin la frustraci\u00f3n, la p\u00e9rdida de tiempo y la monta\u00f1a rusa emocional con nuestra ayuda experta. Un punto de contacto de","og_url":"https:\/\/wp.mallorcaproperty.net\/es\/","og_site_name":"hc\/ Mallorca Property Network","article_modified_time":"2025-02-17T09:13:22+00:00","og_image":[{"width":1600,"height":1067,"url":"https:\/\/wp.mallorcaproperty.net\/wp-content\/uploads\/2021\/07\/helen-cummins-cover.jpg","type":"image\/jpeg"}],"twitter_card":"summary_large_image","twitter_misc":{"Tiempo de lectura":"1 minuto"},"schema":{"@context":"https:\/\/schema.org","@graph":[{"@type":"WebPage","@id":"https:\/\/wp.mallorcaproperty.net\/es\/","url":"https:\/\/wp.mallorcaproperty.net\/es\/","name":"hc\/ Mallorca Living Centre: Relocate to Mallorca","isPartOf":{"@id":"https:\/\/wp.mallorcaproperty.net\/es\/#website"},"primaryImageOfPage":{"@id":"https:\/\/wp.mallorcaproperty.net\/es\/#primaryimage"},"image":{"@id":"https:\/\/wp.mallorcaproperty.net\/es\/#primaryimage"},"thumbnailUrl":"https:\/\/wp.mallorcaproperty.net\/wp-content\/uploads\/2021\/07\/helen-cummins-cover.jpg","datePublished":"2018-08-11T10:33:25+00:00","dateModified":"2025-02-17T09:13:22+00:00","description":"Encuentr la casa de Tus sue\u00f1os sin la frustraci\u00f3n, la p\u00e9rdida de tiempo y la monta\u00f1a rusa emocional con nuestra ayuda experta. Un punto de contacto de","breadcrumb":{"@id":"https:\/\/wp.mallorcaproperty.net\/es\/#breadcrumb"},"inLanguage":"es","potentialAction":[{"@type":"ReadAction","target":["https:\/\/wp.mallorcaproperty.net\/es\/"]}]},{"@type":"ImageObject","inLanguage":"es","@id":"https:\/\/wp.mallorcaproperty.net\/es\/#primaryimage","url":"https:\/\/wp.mallorcaproperty.net\/wp-content\/uploads\/2021\/07\/helen-cummins-cover.jpg","contentUrl":"https:\/\/wp.mallorcaproperty.net\/wp-content\/uploads\/2021\/07\/helen-cummins-cover.jpg","width":1600,"height":1067},{"@type":"BreadcrumbList","@id":"https:\/\/wp.mallorcaproperty.net\/es\/#breadcrumb","itemListElement":[{"@type":"ListItem","position":1,"name":"Home","item":"https:\/\/wp.mallorcaproperty.net\/es\/"},{"@type":"ListItem","position":2,"name":"\u00a1Tu nueva vida en Mallorca comienza aqu\u00ed!"}]},{"@type":"WebSite","@id":"https:\/\/wp.mallorcaproperty.net\/es\/#website","url":"https:\/\/wp.mallorcaproperty.net\/es\/","name":"hc\/ Mallorca Property Network","description":"Su portal inmobiliario para Mallorca por Helen Cummins","publisher":{"@id":"https:\/\/wp.mallorcaproperty.net\/es\/#organization"},"potentialAction":[{"@type":"SearchAction","target":{"@type":"EntryPoint","urlTemplate":"https:\/\/wp.mallorcaproperty.net\/es\/?s={search_term_string}"},"query-input":"required name=search_term_string"}],"inLanguage":"es"},{"@type":"Organization","@id":"https:\/\/wp.mallorcaproperty.net\/es\/#organization","name":"hc\/ Mallorca Property Network","url":"https:\/\/wp.mallorcaproperty.net\/es\/","logo":{"@type":"ImageObject","inLanguage":"es","@id":"https:\/\/wp.mallorcaproperty.net\/es\/#\/schema\/logo\/image\/","url":"https:\/\/wp.mallorcaproperty.net\/wp-content\/uploads\/2024\/11\/Logo-mpn-light-1.png","contentUrl":"https:\/\/wp.mallorcaproperty.net\/wp-content\/uploads\/2024\/11\/Logo-mpn-light-1.png","width":756,"height":216,"caption":"hc\/ Mallorca Property Network"},"image":{"@id":"https:\/\/wp.mallorcaproperty.net\/es\/#\/schema\/logo\/image\/"}}]}},"acf":{"wst_builder":[{"acf_fc_layout":"wst_header_slider","wst_header_slider_image":"https:\/\/wp.mallorcaproperty.net\/wp-content\/uploads\/2023\/07\/hc-property-portal.jpg","wst_header_slider_title":"Encuentra tu Hogar so\u00f1ado en Mallorca"},{"acf_fc_layout":"wst_latest_properties","wst_latest_properties_title":"\u00daltimas propiedades","wst_latest_properties_type":"0"},{"acf_fc_layout":"wst_html","wst_html_text":"<iframe width=\"100%\" height=\"730px\" src=\"https:\/\/www.youtube.com\/embed\/ds9ozTH84Cw?si=WOW8cXlceqCN7sAG\" title=\"YouTube video player\" frameborder=\"0\" allow=\"accelerometer; autoplay; clipboard-write; encrypted-media; gyroscope; picture-in-picture; web-share\" referrerpolicy=\"strict-origin-when-cross-origin\" allowfullscreen><\/iframe>"},{"acf_fc_layout":"wst_latest_properties","wst_latest_properties_title":"\u00daltimas villas en venta","wst_latest_properties_type":"2"},{"acf_fc_layout":"wst_latest_properties","wst_latest_properties_title":"\u00daltimas fincas en venta","wst_latest_properties_type":"4"},{"acf_fc_layout":"wst_latest_properties","wst_latest_properties_title":"\u00daltimos apartamentos en venta","wst_latest_properties_type":"3"},{"acf_fc_layout":"wst_property_alert","wst_property_alert_title":"\u00a1Alerta de propiedades!","wst_property_alert_description":"Recibe alertas peri\u00f3dicas cuando salgan al mercado nuevos inmuebles que coincidan con tus criterios de b\u00fasqueda.","wst_property_alert_button":"Crea tu alerta"},{"acf_fc_layout":"wst_testimonials","wst_testimonials_title":"LO QUE DICEN NUESTROS CLIENTES...","wst_testimonials_repeater":[{"wst_testimonials_repeater_text":"hc\/ Mallorca Living nos lo puso f\u00e1cil, cuando en otras partes de Espa\u00f1a no encontr\u00e1bamos servicios tan \u00fatiles. Descubrimos a Helen Cummins online, desde Google. Cuando encontramos a Helen y espec\u00edficamente a Lucy, ella fue capaz de sostener nuestra mano a trav\u00e9s de todo el proceso y realmente fue \u00fanico encontrar un servicio que nos ayudara de principio a fin.","writer":"Elysia Myers and CJ Powell","wst_testimonials_repeater_image":"https:\/\/wp.mallorcaproperty.net\/wp-content\/uploads\/2023\/07\/MyersPollensa-copy-450x450-1.jpg"},{"wst_testimonials_repeater_text":"Yo recomendar\u00eda hc \/ Mallorca Living de todo coraz\u00f3n y, en particular, Lucy fue incre\u00edble; ella fue nuestra persona de contacto para ayudarnos con todos los entresijos de comprar nuestro nuevo hogar en Mallorca.","writer":"Chris Westlake","wst_testimonials_repeater_image":"https:\/\/wp.mallorcaproperty.net\/wp-content\/uploads\/2023\/07\/PropertyTestimonial1-hc-450x450-1.jpg"}]},{"acf_fc_layout":"wst_two_boxes","wst_two_boxes_group1":{"wst_two_boxes_title1":"\u00bfBuscas una casa?","wst_two_boxes_description1":"Podemos preseleccionar para ti inmuebles que coincidan exactamente con tus criterios.","wst_two_boxes_button1":"Cont\u00e1ctanos","wst_two_boxes_link1":"https:\/\/www.wp.mallorcaproperty.net\/forms\/contactUs","wst_two_boxes_icon_1":"https:\/\/wp.mallorcaproperty.net\/wp-content\/uploads\/2023\/07\/mallorca-property-looking-home.png"},"wst_two_boxes_group2":{"wst_two_boxes_title2":"\u00bfQuieres vender tu casa?","wst_two_boxes_description2":"Vende tu casa con nuestra ayuda experta a compradores online y fuera del mercado.","wst_two_boxes_button2":"Cont\u00e1ctanos","wst_two_boxes_link2":"https:\/\/www.wp.mallorcaproperty.net\/forms\/homeSellers","wst_two_boxes_icon_2":"https:\/\/wp.mallorcaproperty.net\/wp-content\/uploads\/2023\/07\/mallorca-property-rent-home.png"}},{"acf_fc_layout":"wst_related_magazines","wst_related_magazines_title":"REVISTAS RELACIONADAS","wst_related_magazines_group1":{"wst_related_magazines_cover_1":"https:\/\/wp.mallorcaproperty.net\/wp-content\/uploads\/2024\/11\/ISSUU-Cover-157th-Living_in_mallorca_2024_low_res-4.jpg","wst_related_magazines_title1":"Living in Mallorca 2024","wst_related_magazines_button1":"Leer ahora","wst_related_magazines_link1":"https:\/\/issuu.com\/abc-mallorca.com\/docs\/157th_living_in_mallorca_2024"},"wst_related_magazines_group2":{"wst_related_magazines_cover_2":"https:\/\/wp.mallorcaproperty.net\/wp-content\/uploads\/2024\/11\/abcMallorca-Property-Special-2024-cover-2.jpg","wst_related_magazines_title2":"abcMallorca Property Special 2024","wst_related_magazines_button2":"Leer ahora","wst_related_magazines_link2":"https:\/\/issuu.com\/abc-mallorca.com\/docs\/159th_property_special_2024"}},{"acf_fc_layout":"wst_our_network","wst_our_network_background_image":"https:\/\/wp.mallorcaproperty.net\/wp-content\/uploads\/2023\/07\/mallorca-property-real-estate-agents.jpg","wst_our_network_title":"\u00danete a nuestra red inmobiliaria","wst_our_network_button":"\u00a1Inscr\u00edbete ahora!","wst_our_network_link":"https:\/\/www.wp.mallorcaproperty.net\/forms\/realEstateSignUp"},{"acf_fc_layout":"wst_banner","wst_banner_image":"https:\/\/wp.mallorcaproperty.net\/wp-content\/uploads\/2023\/07\/hc_Mallorca_Living_Centre_banner_1940x500_2022-ES.jpg","wst_banner_link":"https:\/\/www.hcmallorcaliving.com\/es\/"}]},"_links":{"self":[{"href":"https:\/\/wp.mallorcaproperty.net\/es\/wp-json\/wp\/v2\/pages\/1529"}],"collection":[{"href":"https:\/\/wp.mallorcaproperty.net\/es\/wp-json\/wp\/v2\/pages"}],"about":[{"href":"https:\/\/wp.mallorcaproperty.net\/es\/wp-json\/wp\/v2\/types\/page"}],"author":[{"embeddable":true,"href":"https:\/\/wp.mallorcaproperty.net\/es\/wp-json\/wp\/v2\/users\/1"}],"replies":[{"embeddable":true,"href":"https:\/\/wp.mallorcaproperty.net\/es\/wp-json\/wp\/v2\/comments?post=1529"}],"version-history":[{"count":5,"href":"https:\/\/wp.mallorcaproperty.net\/es\/wp-json\/wp\/v2\/pages\/1529\/revisions"}],"predecessor-version":[{"id":4380,"href":"https:\/\/wp.mallorcaproperty.net\/es\/wp-json\/wp\/v2\/pages\/1529\/revisions\/4380"}],"wp:featuredmedia":[{"embeddable":true,"href":"https:\/\/wp.mallorcaproperty.net\/es\/wp-json\/wp\/v2\/media\/2845"}],"wp:attachment":[{"href":"https:\/\/wp.mallorcaproperty.net\/es\/wp-json\/wp\/v2\/media?parent=1529"}],"curies":[{"name":"wp","href":"https:\/\/api.w.org\/{rel}","templated":true}]}}